{"id":10,"date":"2023-08-05T22:57:10","date_gmt":"2023-08-05T20:57:10","guid":{"rendered":"https:\/\/purelistening.de\/wpres\/?page_id=10"},"modified":"2023-08-06T00:11:02","modified_gmt":"2023-08-05T22:11:02","slug":"live-konzerte","status":"publish","type":"page","link":"https:\/\/purelistening.de\/wpres\/live-konzerte\/","title":{"rendered":"Live-Konzerte"},"content":{"rendered":"\n<p>Ein Konzert vom 08. Dezember 2005. Es fand in R\u00e4umlichkeiten statt, die von <em>Bruder Siegfried<\/em> zur Verf\u00fcgung gestellt wurden. Uschi ging hier einige Zeit lang regelm\u00e4\u00dfig zur Meditation.<\/p>\n\n\n\n<p>Hans-Werner lernte Uschi in den 90er Jahren beim Ave Maria in der Kirche kennen. Sie waren bis zu ihrem Tod im Jahre 2018 ein Paar.<\/p>\n\n\n\n<figure class=\"wp-block-embed is-type-video is-provider-youtube wp-block-embed-youtube wp-embed-aspect-16-9 wp-has-aspect-ratio\"><div class=\"wp-block-embed__wrapper\">\n<iframe loading=\"lazy\" title=\"Konzert von Hans-Werner und Uschi am 08. Dezember 2005\" width=\"640\" height=\"360\" src=\"https:\/\/www.youtube.com\/embed\/Cw355RXheeg?feature=oembed\" frameborder=\"0\" allow=\"accelerometer; autoplay; clipboard-write; encrypted-media; gyroscope; picture-in-picture; web-share\" referrerpolicy=\"strict-origin-when-cross-origin\" allowfullscreen><\/iframe>\n<\/div><\/figure>\n","protected":false},"excerpt":{"rendered":"<p>Ein Konzert vom 08. Dezember 2005. Es fand in R\u00e4umlichkeiten statt, die von Bruder Siegfried zur Verf\u00fcgung gestellt wurden. Uschi ging hier einige Zeit lang regelm\u00e4\u00dfig zur Meditation. Hans-Werner lernte Uschi in den 90er Jahren beim Ave Maria in der Kirche kennen. Sie waren bis zu ihrem Tod im Jahre 2018 ein Paar.<\/p>\n","protected":false},"author":1,"featured_media":0,"parent":0,"menu_order":0,"comment_status":"closed","ping_status":"closed","template":"","meta":{"footnotes":""},"class_list":["post-10","page","type-page","status-publish","hentry","entry"],"_links":{"self":[{"href":"https:\/\/purelistening.de\/wpres\/wp-json\/wp\/v2\/pages\/10","targetHints":{"allow":["GET"]}}],"collection":[{"href":"https:\/\/purelistening.de\/wpres\/wp-json\/wp\/v2\/pages"}],"about":[{"href":"https:\/\/purelistening.de\/wpres\/wp-json\/wp\/v2\/types\/page"}],"author":[{"embeddable":true,"href":"https:\/\/purelistening.de\/wpres\/wp-json\/wp\/v2\/users\/1"}],"replies":[{"embeddable":true,"href":"https:\/\/purelistening.de\/wpres\/wp-json\/wp\/v2\/comments?post=10"}],"version-history":[{"count":5,"href":"https:\/\/purelistening.de\/wpres\/wp-json\/wp\/v2\/pages\/10\/revisions"}],"predecessor-version":[{"id":121,"href":"https:\/\/purelistening.de\/wpres\/wp-json\/wp\/v2\/pages\/10\/revisions\/121"}],"wp:attachment":[{"href":"https:\/\/purelistening.de\/wpres\/wp-json\/wp\/v2\/media?parent=10"}],"curies":[{"name":"wp","href":"https:\/\/api.w.org\/{rel}","templated":true}]}}