{"id":194,"date":"2023-08-17T20:45:03","date_gmt":"2023-08-17T18:45:03","guid":{"rendered":"https:\/\/purelistening.de\/wpres\/?page_id=194"},"modified":"2023-08-17T22:07:03","modified_gmt":"2023-08-17T20:07:03","slug":"weitere-musik","status":"publish","type":"page","link":"https:\/\/purelistening.de\/wpres\/weitere-musik\/","title":{"rendered":"Weitere Musik"},"content":{"rendered":"\n<h4 class=\"wp-block-heading\">\u00c4gypten Diashow<\/h4>\n\n\n\n<p>Es gab schon vor der Cubase-Zeit Diashows, die Hans-Werner im Auftrag des Fotografen Peter Sutter erstellte. Allerdings wurden diese damals noch von ihm live gespielt und von Peter Sutter per Bandmaschine aufgenommen. Es wird wohl in den sp\u00e4ten 80er Jahren gewesen sein.<\/p>\n\n\n\n<p>Ich schrieb vor einigen Jahren Peter Sutter eine E-Mail und fragte nach guten Aufnahmen der Diashows Karibik und T\u00fcrkei, da die Qualit\u00e4t der einzigen Aufnahmen, die ich besa\u00df (von MC-Kassetten), so schlecht war. Peter Sutter schickte mir daraufhin CDs und ich staunte nicht schlecht, als zwei Diashows mit den Namen Nepal und \u00c4gypten dabei waren.<\/p>\n\n\n\n<p>Die \u00c4gypten Diashow ist mir sehr ans Herz gewachsen, da es in dieser einen Part mit einer Akustik-Gitarre gibt, den ich so unglaublich sch\u00f6n fand, dass ich ihn immer wieder geh\u00f6rt und schlie\u00dflich nachgebaut habe.<\/p>\n\n\n\n<figure class=\"wp-block-audio\"><audio controls src=\"https:\/\/purelistening.de\/wpres\/wp-content\/uploads\/2023\/08\/aegypten14.mp3\"><\/audio><\/figure>\n\n\n\n<p>Hans-Werner erkl\u00e4rte mir, dass er mit einer Hand ein MIDI-Keyboard f\u00fcr die Gitarre und den Chor als Layer spielte, mit der anderen Hand und den F\u00fc\u00dfen spielte er die Orgel.<\/p>\n\n\n\n<p>Ich habe mich daran orientiert, ansonsten aber (im Gegensatz zu den &#8222;gro\u00dfen&#8220; Diashows Karibik und T\u00fcrkei) frei instrumentiert. Da ich keine Noten hatte, habe ich zun\u00e4chst einen Tempo-Track durch &#8222;tappen&#8220; erstellt und dann die Spuren nach Geh\u00f6r eingespielt. Wobei das bei der Orgel sehr aufw\u00e4ndig war, da man diese in der Original-Aufnahme leider kaum h\u00f6ren konnte.<\/p>\n\n\n\n<p>Aufmerksamen H\u00f6rern wird auffallen, dass er dieses Thema in der Diashow Karibik sp\u00e4ter wiederverwendet hat. Dort ist das Thema deutlich &#8222;strukturierter&#8220; und &#8222;ordentlicher&#8220;, wie er sagte, w\u00e4hrend es in der Live-Version aus der \u00c4gypten-Diashow eher &#8222;chaotisch&#8220; ist. Ich konnte mich nie entscheiden, welche ich besser finde, ich mag beide Varianten.<\/p>\n\n\n\n<h4 class=\"wp-block-heading\">Zusammenarbeit f\u00fcr die Firma ARTmos GmbH<\/h4>\n\n\n\n<p>Leider gab es nur dieses eine Mal, in dem wir tats\u00e4chlich zusammengearbeitet haben. <\/p>\n\n\n\n<p>Im Jahr 2010 hatte ich den etwas merkw\u00fcrdigen Auftrag, f\u00fcr die Vertonung eines Videos der Firma ARTmos eine Musik zu erschaffen, die &#8222;genau so klingen soll wie das hier&#8220;, aber &#8222;das hier&#8220; war urheberrechtlich gesch\u00fctzt. Daher sollte ein Ersatz her, der aber genau so klingen sollte.<\/p>\n\n\n\n<p>Es handelte sich um ein &#8222;dance&#8220;-artiges St\u00fcck, dessen Stil ich laut Kunde wohl auch recht gut traf, aber mit einer Melodie daherzukommen, die irgendwie klingt wie &#8222;das Original&#8220;, dabei aber nat\u00fcrlich anders sein <strong>musste<\/strong> und sofort ins Ohr geht, tat ich mich schwer.<\/p>\n\n\n\n<p>Da lag es nat\u00fcrlich nahe, Hans-Werner zu fragen (der vom Kunden daf\u00fcr nat\u00fcrlich auch bezahlt wurde). Er schrieb die Melodie f\u00fcr das Klavier und sendete sie mir als Midi-Datei, sowie die zugeh\u00f6rigen Akkorde pro Takt als Liste per Mail.<\/p>\n\n\n\n<p>Ich arrangierte das ganze und schickte ihm regelm\u00e4\u00dfig H\u00f6rproben, bis wir beide zufrieden waren. Und der Kunde war es am Ende auch.<\/p>\n\n\n\n<figure class=\"wp-block-audio\"><audio controls src=\"https:\/\/purelistening.de\/wpres\/wp-content\/uploads\/2023\/08\/artmos_makingof_05.mp3\"><\/audio><\/figure>\n","protected":false},"excerpt":{"rendered":"<p>\u00c4gypten Diashow Es gab schon vor der Cubase-Zeit Diashows, die Hans-Werner im Auftrag des Fotografen Peter Sutter erstellte. Allerdings wurden diese damals noch von ihm live gespielt und von Peter Sutter per Bandmaschine aufgenommen. Es wird wohl in den sp\u00e4ten 80er Jahren gewesen sein. Ich schrieb vor einigen Jahren Peter Sutter eine E-Mail und fragte &hellip; <\/p>\n<p class=\"link-more\"><a href=\"https:\/\/purelistening.de\/wpres\/weitere-musik\/\" class=\"more-link\"><span class=\"screen-reader-text\">\u201eWeitere Musik\u201c <\/span>weiterlesen<\/a><\/p>\n","protected":false},"author":1,"featured_media":0,"parent":0,"menu_order":0,"comment_status":"closed","ping_status":"closed","template":"","meta":{"footnotes":""},"class_list":["post-194","page","type-page","status-publish","hentry","entry"],"_links":{"self":[{"href":"https:\/\/purelistening.de\/wpres\/wp-json\/wp\/v2\/pages\/194","targetHints":{"allow":["GET"]}}],"collection":[{"href":"https:\/\/purelistening.de\/wpres\/wp-json\/wp\/v2\/pages"}],"about":[{"href":"https:\/\/purelistening.de\/wpres\/wp-json\/wp\/v2\/types\/page"}],"author":[{"embeddable":true,"href":"https:\/\/purelistening.de\/wpres\/wp-json\/wp\/v2\/users\/1"}],"replies":[{"embeddable":true,"href":"https:\/\/purelistening.de\/wpres\/wp-json\/wp\/v2\/comments?post=194"}],"version-history":[{"count":8,"href":"https:\/\/purelistening.de\/wpres\/wp-json\/wp\/v2\/pages\/194\/revisions"}],"predecessor-version":[{"id":205,"href":"https:\/\/purelistening.de\/wpres\/wp-json\/wp\/v2\/pages\/194\/revisions\/205"}],"wp:attachment":[{"href":"https:\/\/purelistening.de\/wpres\/wp-json\/wp\/v2\/media?parent=194"}],"curies":[{"name":"wp","href":"https:\/\/api.w.org\/{rel}","templated":true}]}}